{"id":116,"date":"2026-04-12T20:07:53","date_gmt":"2026-04-12T18:07:53","guid":{"rendered":"https:\/\/printe.lv\/?page_id=116"},"modified":"2026-04-12T20:07:58","modified_gmt":"2026-04-12T18:07:58","slug":"sikdatnes","status":"publish","type":"page","link":"https:\/\/printe.lv\/?page_id=116","title":{"rendered":"S\u012bkdatnes"},"content":{"rendered":"\n<p>S\u012bki pagaidu teksta faili, kas tiek saglab\u0101ti J\u016bsu dator\u0101 vai mobilaj\u0101 ier\u012bc\u0113, lai nodro\u0161in\u0101tu pareizu interneta vietnes funkcion\u0113\u0161anu, un kas satur inform\u0101ciju par interneta vietn\u0113m, kuras apmekl\u0113j\u0101t. S\u012bkdatnes padara lietot\u0101jam vienk\u0101r\u0161\u0101ku interneta lieto\u0161anu, piem\u0113ram, ielogojoties sav\u0101 lietot\u0101ja profil\u0101 interneta vietn\u0113, p\u0101rl\u016bkprogramma pasaka priek\u0161\u0101 lietot\u0101ja v\u0101rdu, bet s\u012bkdatnes izmanto ar\u012b citos nol\u016bkos, piem\u0113ram, interneta vietnes \u012bpa\u0161nieki ieg\u016bst vair\u0101k inform\u0101cijas par savas interneta vietnes apmekl\u0113t\u0101ju interes\u0113m.<\/p>\n\n\n\n<h2 class=\"wp-block-heading\"><strong>K\u0101 m\u0113s izmantojam s\u012bkdatnes?<\/strong><\/h2>\n\n\n\n<p>Printe.lv izmanto Google Analytics pakalpojumus, padarot pieejamu inform\u0101ciju par pakalpojumiem mekl\u0113\u0161anas t\u012bmekl\u012b, min\u0113tais pakalpojums paredz s\u012bkdat\u0146u saglab\u0101\u0161anu J\u016bsu ier\u012bc\u0113.<\/p>\n\n\n\n<p>S\u012bkdatn\u0113 tiek saglab\u0101ta inform\u0101cija par to, ka apmekl\u0113j\u0101t m\u016bsu interneta vietni, kad tas notika, iegaum\u0113 lietot\u0101ja IP adresi, k\u0101das interneta vietnes sada\u013cas apl\u016bkotas, \u0161\u012b inform\u0101cija non\u0101k Google Inc. (\u012arija) r\u012bc\u012bb\u0101 un 60 dienas glab\u0101jas uz Google serveriem (Eiropas Savien\u012bb\u0101 un ASV). Pirms datu nodo\u0161anas Google, IP adreses tiek anonimiz\u0113tas, aizvietojot t\u0101s ar specifisku kodu, kur\u0161 tiek pie\u0161\u0137irts katram atsevi\u0161\u0137am lietot\u0101jam.<\/p>\n\n\n\n<p>Google no savas puses apliecina datu apstr\u0101des, tai skait\u0101 datu nodo\u0161anas tre\u0161aj\u0101m person\u0101m, atbilst\u012bbu Eiropas Savien\u012bbas un ASV normat\u012bvo aktu pras\u012bb\u0101m, k\u0101 ar\u012b atsevi\u0161\u0137i atz\u012bm\u0113, ka sa\u0146emtie dati netiek izmantoti Google pakalpojumu snieg\u0161anai.<\/p>\n\n\n\n<p>J\u016bs varat nov\u0113rst s\u012bkdat\u0146u nodo\u0161anu Google, izmantojot spraudni \u201cGoogle Analytics Opt-out Browser Add-on\u201d<br>(apl\u016bkot&nbsp;<a href=\"https:\/\/tools.google.com\/dlpage\/gaoptout?hl=en\" target=\"_blank\" rel=\"noreferrer noopener\">Google Analytics Opt-out Browser Add-on<\/a>).<\/p>\n\n\n\n<h2 class=\"wp-block-heading\"><strong>K\u0101 kontrol\u0113t s\u012bkdatnes?<\/strong><\/h2>\n\n\n\n<p>Jums ir iesp\u0113ja izdz\u0113st s\u012bkdatnes no sava datora vai citas ier\u012bces, k\u0101 ar\u012b izmantot vair\u0101kuma p\u0101rl\u016bkprogrammu pied\u0101v\u0101tos uzst\u0101d\u012bjumus, kas liedz veidot s\u012bkdatnes.<\/p>\n\n\n\n<h2 class=\"wp-block-heading\"><strong>Praktiski visas p\u0101rl\u016bkprogrammas paredz iesp\u0113ju:<\/strong><\/h2>\n\n\n\n<ul class=\"wp-block-list\">\n<li>Apl\u016bkot saglab\u0101t\u0101s s\u012bkdatnes un izdz\u0113st t\u0101s;<\/li>\n\n\n\n<li>Liegt s\u012bkdat\u0146u veido\u0161anu tre\u0161aj\u0101m person\u0101m;<\/li>\n\n\n\n<li>Liegt s\u012bkdat\u0146u veido\u0161anu m\u0101rketinga vietn\u0113m;<\/li>\n\n\n\n<li>Blo\u0137\u0113t jebkuru s\u012bkdat\u0146u veido\u0161anu;<\/li>\n\n\n\n<li>Izdz\u0113st visas s\u012bkdatnes, izejot no p\u0101rl\u016bkprogrammas.<\/li>\n<\/ul>\n\n\n\n<p>Der atcer\u0113ties, ka izdz\u0113\u0161ot visas s\u012bkdatnes, tiks dz\u0113sti ar\u012b J\u016bsu uzst\u0101d\u012bjumi atsevi\u0161\u0137\u0101s interneta vietn\u0113s. Papildus nepiecie\u0161ams \u0146emt v\u0113r\u0101, ka gad\u012bjum\u0101, ja noblo\u0137\u0113siet jebkuru s\u012bkdat\u0146u veido\u0161anu, daudzas vietnes (ieskaitot m\u016bsu) var s\u0101kt darboties nekorekti un pakalpojuma snieg\u0161ana var p\u0101rtr\u016bkt, \u0161\u012b iemesla d\u0113\u013c nerekomend\u0113jam izv\u0113l\u0113ties opciju blo\u0137\u0113t jebkuru s\u012bkdat\u0146u veido\u0161anu.<\/p>\n\n\n\n<p><\/p>\n","protected":false},"excerpt":{"rendered":"<p>S\u012bki pagaidu teksta faili, kas tiek saglab\u0101ti J\u016bsu dator\u0101 vai mobilaj\u0101 ier\u012bc\u0113, lai nodro\u0161in\u0101tu pareizu interneta vietnes funkcion\u0113\u0161anu, un kas satur inform\u0101ciju par interneta vietn\u0113m, kuras apmekl\u0113j\u0101t. S\u012bkdatnes padara lietot\u0101jam vienk\u0101r\u0161\u0101ku interneta lieto\u0161anu, piem\u0113ram, ielogojoties sav\u0101 lietot\u0101ja profil\u0101 interneta vietn\u0113, p\u0101rl\u016bkprogramma pasaka priek\u0161\u0101 lietot\u0101ja v\u0101rdu, bet s\u012bkdatnes izmanto ar\u012b citos nol\u016bkos, piem\u0113ram, interneta vietnes \u012bpa\u0161nieki [&hellip;]<\/p>\n","protected":false},"author":1,"featured_media":0,"parent":0,"menu_order":0,"comment_status":"closed","ping_status":"closed","template":"","meta":{"footnotes":""},"class_list":["post-116","page","type-page","status-publish","hentry"],"_hostinger_reach_plugin_has_subscription_block":false,"_hostinger_reach_plugin_is_elementor":false,"_links":{"self":[{"href":"https:\/\/printe.lv\/index.php?rest_route=\/wp\/v2\/pages\/116","targetHints":{"allow":["GET"]}}],"collection":[{"href":"https:\/\/printe.lv\/index.php?rest_route=\/wp\/v2\/pages"}],"about":[{"href":"https:\/\/printe.lv\/index.php?rest_route=\/wp\/v2\/types\/page"}],"author":[{"embeddable":true,"href":"https:\/\/printe.lv\/index.php?rest_route=\/wp\/v2\/users\/1"}],"replies":[{"embeddable":true,"href":"https:\/\/printe.lv\/index.php?rest_route=%2Fwp%2Fv2%2Fcomments&post=116"}],"version-history":[{"count":1,"href":"https:\/\/printe.lv\/index.php?rest_route=\/wp\/v2\/pages\/116\/revisions"}],"predecessor-version":[{"id":117,"href":"https:\/\/printe.lv\/index.php?rest_route=\/wp\/v2\/pages\/116\/revisions\/117"}],"wp:attachment":[{"href":"https:\/\/printe.lv\/index.php?rest_route=%2Fwp%2Fv2%2Fmedia&parent=116"}],"curies":[{"name":"wp","href":"https:\/\/api.w.org\/{rel}","templated":true}]}}