{"id":3,"date":"2026-04-12T09:00:54","date_gmt":"2026-04-12T09:00:54","guid":{"rendered":"http:\/\/printe.lv\/?page_id=3"},"modified":"2026-04-12T20:09:47","modified_gmt":"2026-04-12T18:09:47","slug":"privacy-policy","status":"publish","type":"page","link":"https:\/\/printe.lv\/?page_id=3","title":{"rendered":"Priv\u0101tuma politika"},"content":{"rendered":"\n<p>Atbilsto\u0161i Eiropas Parlamenta un Padomes Regulai 2016\/679, printe.lv&nbsp;<strong><em>Tel.: +371 26286391,<\/em><\/strong>&nbsp;sa\u0146em, 2 gadus uzglab\u0101 un apstr\u0101d\u0101 manis nodotos personas datus&nbsp;<strong><em>(E-pasts, v\u0101rdu, uzv\u0101rdu un t\u0101lru\u0146a numuru)<\/em><\/strong>, ar m\u0113r\u0137i&nbsp;<strong><em>nodro\u0161in\u0101t sazi\u0146u<\/em><\/strong><em>,&nbsp;<strong>sniegt pilnv\u0113rt\u012bg\u0101ku saturu<\/strong>&nbsp;un&nbsp;<strong>atbilsto\u0161\u0101kas rekl\u0101mas<\/strong>.<\/em>&nbsp;Piekr\u012btot datu apstr\u0101dei, tieku inform\u0113ts, ka mani personas dati netiks nos\u016bt\u012bti citiem ES uz\u0146\u0113mumiem, vai uz tre\u0161o valsti, vai starptautisku organiz\u0101ciju. Apzinos savas ties\u012bbas saist\u012bb\u0101 ar manu personas datu dz\u0113\u0161anu, labo\u0161anu, apstr\u0101des ierobe\u017eo\u0161anu, u.c. (vair\u0101k info:&nbsp;<a href=\"http:\/\/eur-lex.europa.eu\/legal-content\/EN\/TXT\/?uri=uriserv:OJ.L_.2016.119.01.0001.01.ENG\" target=\"_blank\" rel=\"noreferrer noopener\">http:\/\/eur-lex.europa.eu\/legal-content\/EN\/TXT\/?uri=uriserv:OJ.L_.2016.119.01.0001.01.ENG<\/a>)<\/p>\n\n\n\n<p><\/p>\n","protected":false},"excerpt":{"rendered":"<p>Atbilsto\u0161i Eiropas Parlamenta un Padomes Regulai 2016\/679, printe.lv&nbsp;Tel.: +371 26286391,&nbsp;sa\u0146em, 2 gadus uzglab\u0101 un apstr\u0101d\u0101 manis nodotos personas datus&nbsp;(E-pasts, v\u0101rdu, uzv\u0101rdu un t\u0101lru\u0146a numuru), ar m\u0113r\u0137i&nbsp;nodro\u0161in\u0101t sazi\u0146u,&nbsp;sniegt pilnv\u0113rt\u012bg\u0101ku saturu&nbsp;un&nbsp;atbilsto\u0161\u0101kas rekl\u0101mas.&nbsp;Piekr\u012btot datu apstr\u0101dei, tieku inform\u0113ts, ka mani personas dati netiks nos\u016bt\u012bti citiem ES uz\u0146\u0113mumiem, vai uz tre\u0161o valsti, vai starptautisku organiz\u0101ciju. Apzinos savas ties\u012bbas saist\u012bb\u0101 ar [&hellip;]<\/p>\n","protected":false},"author":1,"featured_media":0,"parent":0,"menu_order":0,"comment_status":"closed","ping_status":"open","template":"","meta":{"footnotes":""},"class_list":["post-3","page","type-page","status-publish","hentry"],"_hostinger_reach_plugin_has_subscription_block":false,"_hostinger_reach_plugin_is_elementor":false,"_links":{"self":[{"href":"https:\/\/printe.lv\/index.php?rest_route=\/wp\/v2\/pages\/3","targetHints":{"allow":["GET"]}}],"collection":[{"href":"https:\/\/printe.lv\/index.php?rest_route=\/wp\/v2\/pages"}],"about":[{"href":"https:\/\/printe.lv\/index.php?rest_route=\/wp\/v2\/types\/page"}],"author":[{"embeddable":true,"href":"https:\/\/printe.lv\/index.php?rest_route=\/wp\/v2\/users\/1"}],"replies":[{"embeddable":true,"href":"https:\/\/printe.lv\/index.php?rest_route=%2Fwp%2Fv2%2Fcomments&post=3"}],"version-history":[{"count":3,"href":"https:\/\/printe.lv\/index.php?rest_route=\/wp\/v2\/pages\/3\/revisions"}],"predecessor-version":[{"id":119,"href":"https:\/\/printe.lv\/index.php?rest_route=\/wp\/v2\/pages\/3\/revisions\/119"}],"wp:attachment":[{"href":"https:\/\/printe.lv\/index.php?rest_route=%2Fwp%2Fv2%2Fmedia&parent=3"}],"curies":[{"name":"wp","href":"https:\/\/api.w.org\/{rel}","templated":true}]}}